{"id":2250,"date":"2022-09-18T13:31:57","date_gmt":"2022-09-18T11:31:57","guid":{"rendered":"https:\/\/villafiori.pl\/cenik\/"},"modified":"2023-08-02T16:12:23","modified_gmt":"2023-08-02T14:12:23","slug":"cenik","status":"publish","type":"page","link":"https:\/\/villafiori.pl\/cs\/cenik\/","title":{"rendered":"Cen\u00edk"},"content":{"rendered":"<p><div class=\"fusion-fullwidth fullwidth-box fusion-builder-row-1 fusion-flex-container has-pattern-background has-mask-background hundred-percent-fullwidth non-hundred-percent-height-scrolling\" style=\"--awb-border-radius-top-left:0px;--awb-border-radius-top-right:0px;--awb-border-radius-bottom-right:0px;--awb-border-radius-bottom-left:0px;--awb-padding-right:0px;--awb-padding-left:0px;--awb-background-color:rgba(0,0,0,0.23);\" ><div class=\"fusion-builder-row fusion-row fusion-flex-align-items-flex-start\" style=\"width:104% !important;max-width:104% !important;margin-left: calc(-4% \/ 2 );margin-right: calc(-4% \/ 2 );\"><div class=\"fusion-layout-column fusion_builder_column fusion-builder-column-0 fusion_builder_column_1_1 1_1 fusion-flex-column\" style=\"--awb-bg-color:rgba(221,212,216,0);--awb-bg-size:cover;--awb-width-large:100%;--awb-margin-top-large:0px;--awb-spacing-right-large:1.92%;--awb-margin-bottom-large:20px;--awb-spacing-left-large:1.92%;--awb-width-medium:100%;--awb-order-medium:0;--awb-spacing-right-medium:1.92%;--awb-spacing-left-medium:1.92%;--awb-width-small:100%;--awb-order-small:0;--awb-spacing-right-small:1.92%;--awb-spacing-left-small:1.92%;\"><div class=\"fusion-column-wrapper fusion-column-has-shadow fusion-flex-justify-content-flex-start fusion-content-layout-column\">\t\t\t\t\t<div class=\"fusion-slider-container fusion-slider-sc-cen\u00edk fusion-slider-63 full-width-slider\" style=\"height:300px; max-width:100%;\" data-id=\"63\" data-full_height=\"\" id=\"hero\">\n\t\t\t\t\t\t<style type=\"text\/css\">.fusion-slider-63 .flex-direction-nav a {width:63px;height:63px;line-height:63px;font-size:25px;}<\/style>\t\t\t\t\t\t<div class=\"fusion-slider-loading\">Loading...<\/div>\n\t\t\t\t\t\t<div class=\"tfs-slider flexslider main-flex full-width-slider\" data-slider_width=\"100%\" data-slider_height=\"300px\" data-full_screen=\"\" data-nav_box_width=\"63px\" data-nav_box_height=\"63px\" data-nav_arrow_size=\"25px\" style=\"max-width:100%;\">\n\t\t\t\t\t\t\t<ul class=\"slides\">\n\t\t\t\t\t\t\t\t\t\t\t\t\t\t\t\t\t<li data-mute=\"yes\" data-loop=\"yes\" data-autoplay=\"yes\">\n\t\t\t\t\t\t\t\t\t\t<div class=\"slide-content-container slide-content-center\" style=\"display: none;\">\n\t\t\t\t\t\t\t\t\t\t\t<div class=\"slide-content\" style=\"\">\n\t\t\t\t\t\t\t\t\t\t\t\t\t\t\t\t\t\t\t\t\t\t\t\t\t<div class=\"heading \">\n\t\t\t\t\t\t\t\t\t\t\t\t\t\t<div class=\"fusion-title-sc-wrapper\" style=\"\">\n\t\t\t\t\t\t\t\t\t\t\t\t\t\t\t<div class=\"fusion-title title fusion-title-1 fusion-sep-none fusion-title-center fusion-title-text fusion-title-size-two\" style=\"--awb-margin-top:0px;--awb-margin-bottom:0px;--awb-font-size:60px;\"><h2 class=\"title-heading-center\" style=\"margin:0;font-size:1em;line-height:80px;\">Cen\u00edk<\/h2><\/div>\t\t\t\t\t\t\t\t\t\t\t\t\t\t<\/div>\n\t\t\t\t\t\t\t\t\t\t\t\t\t<\/div>\n\t\t\t\t\t\t\t\t\t\t\t\t\t\t\t\t\t\t\t\t\t\t\t\t\t\t\t\t\t\t\t\t\t\t\t\t\t<div class=\"caption \">\n\t\t\t\t\t\t\t\t\t\t\t\t\t\t<div class=\"fusion-title-sc-wrapper\" style=\"\">\n\t\t\t\t\t\t\t\t\t\t\t\t\t\t\t<div class=\"fusion-title title fusion-title-2 fusion-sep-none fusion-title-center fusion-title-text fusion-title-size-three\" style=\"--awb-margin-top:0px;--awb-margin-bottom:0px;--awb-font-size:24px;\"><h3 class=\"title-heading-center\" style=\"margin:0;font-size:1em;line-height:38px;\">V\u00e1\u0161 ostrovn\u00ed domov<\/h3><\/div>\t\t\t\t\t\t\t\t\t\t\t\t\t\t<\/div>\n\t\t\t\t\t\t\t\t\t\t\t\t\t<\/div>\n\t\t\t\t\t\t\t\t\t\t\t\t\t\t\t\t\t\t\t\t\t\t\t\t\t\t\t\t\t\t\t\t\t\t\t\t\t<div class=\"buttons\" >\n\t\t\t\t\t\t\t\t\t\t\t\t\t\t\t\t\t\t\t\t\t\t\t\t\t\t\t\t\t\t\t\t\t\t\t\t\t\t\t\t\t<\/div>\n\t\t\t\t\t\t\t\t\t\t\t\t\t\t\t\t\t\t\t\t\t\t\t<\/div>\n\t\t\t\t\t\t\t\t\t\t<\/div>\n\t\t\t\t\t\t\t\t\t\t\t\t\t\t\t\t\t\t\t\t\t\t\t\t\t\t\t\t\t\t\t\t\t\t\t\t\t\t\t\t<div class=\"background background-image\" style=\"background-image: url(https:\/\/villafiori.pl\/wp-content\/uploads\/2023\/01\/Cennik-1.jpeg);max-width:100%;height:300px;filter: progid:DXImageTransform.Microsoft.AlphaImageLoader(src='https:\/\/villafiori.pl\/wp-content\/uploads\/2023\/01\/Cennik-1.jpeg', sizingMethod='scale');\" data-imgwidth=\"1024\">\n\t\t\t\t\t\t\t\t\t\t\t\t\t\t\t\t\t\t\t\t\t\t\t\t\t\t\t\t\t\t\t\t\t\t\t\t\t\t\t\t\t\t\t\t\t\t\t\t\t\t\t\t\t\t\t\t\t\t\t\t\t\t\t\t\t\t<\/div>\n\t\t\t\t\t\t\t\t\t<\/li>\n\t\t\t\t\t\t\t\t\t\t\t\t\t\t\t\t\t\t\t\t\t\t\t<\/ul>\n\t\t\t\t\t\t<\/div>\n\t\t\t\t\t<\/div>\n\t\t\t\t\t\t\t\t<\/div><\/div><\/div><\/div><div class=\"fusion-fullwidth fullwidth-box fusion-builder-row-2 fusion-flex-container has-pattern-background has-mask-background nonhundred-percent-fullwidth non-hundred-percent-height-scrolling\" style=\"--awb-border-radius-top-left:0px;--awb-border-radius-top-right:0px;--awb-border-radius-bottom-right:0px;--awb-border-radius-bottom-left:0px;--awb-padding-left-small:25px;--awb-margin-top:80px;--awb-margin-bottom:50px;\" ><div class=\"fusion-builder-row fusion-row fusion-flex-align-items-flex-start fusion-flex-justify-content-center\" style=\"max-width:calc( 1300px + 0px );margin-left: calc(-0px \/ 2 );margin-right: calc(-0px \/ 2 );\"><div class=\"fusion-layout-column fusion_builder_column fusion-builder-column-1 fusion_builder_column_2_5 2_5 fusion-flex-column\" style=\"--awb-bg-color:var(--awb-custom_color_3);--awb-bg-size:cover;--awb-width-large:40%;--awb-margin-top-large:0px;--awb-spacing-right-large:0;--awb-margin-bottom-large:20px;--awb-spacing-left-large:0;--awb-width-medium:100%;--awb-order-medium:0;--awb-spacing-right-medium:0;--awb-spacing-left-medium:0;--awb-width-small:100%;--awb-order-small:0;--awb-spacing-right-small:0;--awb-spacing-left-small:0;\"><div class=\"fusion-column-wrapper fusion-column-has-shadow fusion-flex-justify-content-flex-start fusion-content-layout-column\"><div class=\"fusion-text fusion-text-1\"><h2 style=\"margin-bottom: 5px;\">Hlavn\u00ed sez\u00f3na<\/h2>\n<\/div><div class=\"fusion-text fusion-text-2\" style=\"--awb-text-transform:uppercase;\"><p>MAYDAY, V\u00c1NOCE, SV\u00c1TKY<\/p>\n<\/div><div class=\"fusion-text fusion-text-3 fusion-text-no-margin\" style=\"--awb-margin-bottom:10px;\"><h5 style=\"font-size: 22px;\">Byt pro 2\/3 osoby<\/h5>\n<h6><span style=\"font-size: 24px;\" data-fusion-font=\"true\">380-430 PLN<\/span><\/h6>\n<\/div><div class=\"fusion-text fusion-text-4 fusion-text-no-margin\" style=\"--awb-margin-bottom:10px;\"><h5 style=\"font-size: 22px;\">4l\u016f\u017ekov\u00fd byt v prvn\u00edm pat\u0159e<\/h5>\n<h6 style=\"font-size: 24px;\" data-fusion-font=\"true\">450-500 PLN<\/h6>\n<\/div><div class=\"fusion-text fusion-text-5 fusion-text-no-margin\" style=\"--awb-margin-bottom:10px;\"><h5 style=\"font-size: 22px;\">Byt 4\/5-POKOJ se zahradou<\/h5>\n<h6 style=\"font-size: 24px;\" data-fusion-font=\"true\">500-650 PLN<\/h6>\n<\/div><\/div><\/div><div class=\"fusion-layout-column fusion_builder_column fusion-builder-column-2 fusion_builder_column_1_5 1_5 fusion-flex-column\" style=\"--awb-bg-color:var(--awb-custom_color_3);--awb-bg-size:cover;--awb-width-large:20%;--awb-margin-top-large:0px;--awb-spacing-right-large:0;--awb-margin-bottom-large:20px;--awb-spacing-left-large:0;--awb-width-medium:100%;--awb-order-medium:0;--awb-spacing-right-medium:0;--awb-spacing-left-medium:0;--awb-width-small:100%;--awb-order-small:0;--awb-spacing-right-small:0;--awb-spacing-left-small:0;\"><div class=\"fusion-column-wrapper fusion-column-has-shadow fusion-flex-justify-content-flex-start fusion-content-layout-column\"><\/div><\/div><div class=\"fusion-layout-column fusion_builder_column fusion-builder-column-3 fusion_builder_column_2_5 2_5 fusion-flex-column\" style=\"--awb-bg-color:var(--awb-custom_color_3);--awb-bg-size:cover;--awb-width-large:40%;--awb-margin-top-large:0px;--awb-spacing-right-large:0;--awb-margin-bottom-large:20px;--awb-spacing-left-large:0;--awb-width-medium:100%;--awb-order-medium:0;--awb-spacing-right-medium:0;--awb-spacing-left-medium:0;--awb-width-small:100%;--awb-order-small:0;--awb-spacing-right-small:0;--awb-spacing-left-small:0;\"><div class=\"fusion-column-wrapper fusion-column-has-shadow fusion-flex-justify-content-flex-start fusion-content-layout-column\"><div class=\"fusion-text fusion-text-6\"><h2 style=\"margin-bottom: 5px;\">Mimo sez\u00f3nu<\/h2>\n<div>\n<p>OSTATN\u00cd TERM\u00cdNY OD 4. KV\u011aTNA DO 1. \u0158\u00cdJNA  <\/p>\n<\/div>\n<\/div><div class=\"fusion-text fusion-text-7 fusion-text-no-margin\" style=\"--awb-margin-bottom:10px;\"><h5 style=\"font-size: 22px;\"><\/h5>\n<h5 style=\"font-size: 22px;\">APARTM\u00c1 SE 2\/3 LO\u017dNICEMI<\/h5>\n<h6 style=\"font-size: 24px;\" data-fusion-font=\"true\">280-380 PLN<\/h6>\n<\/div><div class=\"fusion-text fusion-text-8 fusion-text-no-margin\" style=\"--awb-margin-bottom:10px;\"><h5 style=\"font-size: 22px;\">4l\u016f\u017ekov\u00fd byt v prvn\u00edm pat\u0159e<\/h5>\n<h6 style=\"font-size: 24px;\" data-fusion-font=\"true\">350-450 PLN<\/h6>\n<\/div><div class=\"fusion-text fusion-text-9 fusion-text-no-margin\" style=\"--awb-margin-bottom:10px;\"><h5 style=\"font-size: 22px;\">Byt 4\/5-POKOJ se zahradou<\/h5>\n<h6 style=\"font-size: 24px;\" data-fusion-font=\"true\">400-550 PLN<\/h6>\n<\/div><\/div><\/div><\/div><\/div><div class=\"fusion-fullwidth fullwidth-box fusion-builder-row-3 fusion-flex-container has-pattern-background has-mask-background nonhundred-percent-fullwidth non-hundred-percent-height-scrolling\" style=\"--awb-border-radius-top-left:0px;--awb-border-radius-top-right:0px;--awb-border-radius-bottom-right:0px;--awb-border-radius-bottom-left:0px;--awb-padding-left-small:25px;--awb-margin-top:80px;--awb-margin-bottom:50px;\" ><div class=\"fusion-builder-row fusion-row fusion-flex-align-items-flex-start fusion-flex-justify-content-center\" style=\"max-width:calc( 1300px + 0px );margin-left: calc(-0px \/ 2 );margin-right: calc(-0px \/ 2 );\"><div class=\"fusion-layout-column fusion_builder_column fusion-builder-column-4 fusion-flex-column\" style=\"--awb-bg-color:var(--awb-custom_color_3);--awb-bg-size:cover;--awb-width-large:100%;--awb-margin-top-large:0px;--awb-spacing-right-large:0;--awb-margin-bottom-large:20px;--awb-spacing-left-large:0;--awb-width-medium:100%;--awb-order-medium:0;--awb-spacing-right-medium:0;--awb-spacing-left-medium:0;--awb-width-small:100%;--awb-order-small:0;--awb-spacing-right-small:0;--awb-spacing-left-small:0;\"><div class=\"fusion-column-wrapper fusion-column-has-shadow fusion-flex-justify-content-flex-start fusion-content-layout-column\"><div class=\"fusion-text fusion-text-10\"><h2 style=\"margin-bottom: 5px;\">Dal\u0161\u00ed informace<\/h2>\n<\/div><div class=\"fusion-text fusion-text-11 fusion-text-no-margin\" style=\"--awb-margin-bottom:10px;\"><h6>Cena za noc a apartm\u00e1n z\u00e1vis\u00ed na n\u011bkolika faktorech, proto n\u00e1m pros\u00edm za\u0161lete sv\u016fj po\u017eadavek e-mailem nebo prost\u0159ednictv\u00edm<span style=\"line-height: 19px;\" data-fusion-font=\"true\">kontaktn\u00edho <\/span> formul\u00e1\u0159e<span style=\"line-height: 19px;\" data-fusion-font=\"true\">a uve\u010fte datum, po\u010det osob a preferovan\u00fd apartm\u00e1n. <\/span> <\/h6>\n<h6>ZAHRNUTO V CEN\u011a: 1 PARKOVAC\u00cd M\u00cdSTO\/APARTM\u00c1N, WIFI, Z\u00c1V\u011aRE\u010cN\u00dd \u00daKLID, LO\u017dN\u00cd PR\u00c1DLO A RU\u010cN\u00cdKY, D\u011aTSK\u00c1 POST\u00ddLKA, D\u011aTSK\u00c1 \u017dIDLI\u010cKA A D\u011aTSK\u00c1 VANI\u010cKA<\/h6>\n<div>\n<p style=\"line-height: 19px;\" data-fusion-font=\"true\">\n<\/div>\n<\/div><div class=\"fusion-text fusion-text-12 fusion-text-no-margin\" style=\"--awb-margin-bottom:10px;\"><h5 style=\"font-size: 22px;\">Rezerva\u010dn\u00ed poplatek<\/h5>\n<h6><span style=\"line-height: 1px; letter-spacing: 1.5px;\" data-fusion-font=\"true\">Je vy\u017eadov\u00e1na Z\u00c1LOHA ve v\u00fd\u0161i p\u0159ibli\u017en\u011b 30 % hodnoty rezervace.  <\/span><\/h6>\n<h6>V p\u0159\u00edpad\u011b zru\u0161en\u00ed rezervace se z\u00e1loha nevrac\u00ed a term\u00edn lze p\u0159esunout na jin\u00fd term\u00edn.<\/p>\n<\/h6>\n<p style=\"line-height: 1px; letter-spacing: 1.5px;\" data-fusion-font=\"true\">\n<\/div><div class=\"fusion-text fusion-text-13 fusion-text-no-margin\" style=\"--awb-margin-bottom:10px;\"><h5 style=\"font-size: 22px;\">Hodiny odbaven\u00ed<\/h5>\n<h6>P\u0159\u00edjezd host\u016f od 15:00 do 22:00 hod.<br \/>\nBYT MUS\u00cd B\u00ddT VYKLIZEN DO HODIN. 10.00.<br \/>\nJin\u00fd \u010das p\u0159ihl\u00e1\u0161en\u00ed\/odhl\u00e1\u0161en\u00ed je mo\u017en\u00fd po p\u0159edchoz\u00ed domluv\u011b. VE VYSOK\u00c9 SEZ\u00d3N\u011a p\u0159\u00edplatek 100 PLN za 3hodinov\u00e9 prodlou\u017een\u00ed.<br \/><\/h6>\n<h6>Uve\u010fte pros\u00edm p\u0159ibli\u017en\u00fd \u010das p\u0159\u00edjezdu.<\/h6><\/p>\n<\/div><\/div><\/div><\/div><\/div><div class=\"fusion-fullwidth fullwidth-box fusion-builder-row-4 fusion-flex-container has-pattern-background has-mask-background homeAboutUs tabletReverse birthday nonhundred-percent-fullwidth non-hundred-percent-height-scrolling\" style=\"--link_hover_color: #000000;--awb-border-color:#000000;--awb-border-radius-top-left:0px;--awb-border-radius-top-right:0px;--awb-border-radius-bottom-right:0px;--awb-border-radius-bottom-left:0px;--awb-padding-top:100px;--awb-padding-bottom:0px;--awb-padding-top-medium:100px;--awb-padding-top-small:90px;--awb-margin-bottom:0px;--awb-background-color:var(--awb-color8);\" ><div class=\"fusion-builder-row fusion-row fusion-flex-align-items-flex-start\" style=\"max-width:1352px;margin-left: calc(-4% \/ 2 );margin-right: calc(-4% \/ 2 );\"><div class=\"fusion-layout-column fusion_builder_column fusion-builder-column-5 fusion_builder_column_2_5 2_5 fusion-flex-column decorateBorder mx500\" style=\"--awb-bg-color:var(--awb-custom_color_3);--awb-bg-size:cover;--awb-width-large:40%;--awb-margin-top-large:0px;--awb-spacing-right-large:0%;--awb-margin-bottom-large:0px;--awb-spacing-left-large:0%;--awb-width-medium:100%;--awb-order-medium:0;--awb-spacing-right-medium:1.92%;--awb-spacing-left-medium:1.92%;--awb-width-small:100%;--awb-order-small:0;--awb-spacing-right-small:1.92%;--awb-spacing-left-small:1.92%;\"><div class=\"fusion-column-wrapper fusion-column-has-shadow fusion-flex-justify-content-flex-start fusion-content-layout-row\"><div class=\"fusion-image-element \" style=\"--awb-aspect-ratio:1 \/ 1;--awb-object-position:51% 52%;--awb-caption-title-size:var(--h2_typography-font-size);--awb-caption-title-transform:var(--h2_typography-text-transform);--awb-caption-title-line-height:var(--h2_typography-line-height);--awb-caption-title-letter-spacing:var(--h2_typography-letter-spacing);\"><span class=\" fusion-imageframe imageframe-none imageframe-1 hover-type-none has-aspect-ratio\"><img loading=\"lazy\" decoding=\"async\" width=\"300\" height=\"300\" title=\"15-VF2\" src=\"https:\/\/villafiori.pl\/wp-content\/uploads\/2023\/04\/15-VF2-300x300.jpg\" class=\"img-responsive wp-image-1721 img-with-aspect-ratio\" alt srcset=\"https:\/\/villafiori.pl\/wp-content\/uploads\/2023\/04\/15-VF2-200x200.jpg 200w, https:\/\/villafiori.pl\/wp-content\/uploads\/2023\/04\/15-VF2-400x400.jpg 400w, https:\/\/villafiori.pl\/wp-content\/uploads\/2023\/04\/15-VF2-600x600.jpg 600w, https:\/\/villafiori.pl\/wp-content\/uploads\/2023\/04\/15-VF2-800x800.jpg 800w, https:\/\/villafiori.pl\/wp-content\/uploads\/2023\/04\/15-VF2.jpg 1080w\" sizes=\"auto, (max-width: 1024px) 100vw, (max-width: 640px) 100vw, 600px\" \/><\/span><\/div><\/div><\/div><div class=\"fusion-layout-column fusion_builder_column fusion-builder-column-6 fusion_builder_column_3_5 3_5 fusion-flex-column\" style=\"--awb-padding-top-medium:0px;--awb-bg-color:var(--awb-custom_color_3);--awb-bg-size:cover;--awb-width-large:60%;--awb-margin-top-large:0px;--awb-spacing-right-large:3.2%;--awb-margin-bottom-large:20px;--awb-spacing-left-large:4.8%;--awb-width-medium:100%;--awb-order-medium:0;--awb-spacing-right-medium:1.92%;--awb-spacing-left-medium:1.92%;--awb-width-small:100%;--awb-order-small:0;--awb-spacing-right-small:1.92%;--awb-spacing-left-small:1.92%;\"><div class=\"fusion-column-wrapper fusion-column-has-shadow fusion-flex-justify-content-flex-start fusion-content-layout-column\"><div class=\"fusion-text fusion-text-14\"><h2><span style=\"font-size: 43px;\" data-fusion-font=\"true\">oslavujte s n\u00e1mi <\/span><span style=\"font-family: 'Cormorant Garamond'; font-weight: 400; font-size: 43px;\" data-fusion-font=\"true\" data-fusion-google-font=\"Cormorant Garamond\" data-fusion-google-variant=\"400\">15<\/span><span style=\"font-size: 43px;\" data-fusion-font=\"true\"> narozeniny<\/span><\/h2>\n<\/div><div class=\"fusion-text fusion-text-15\"><div><\/div>\n<p><span style=\"background-color: var(--awb-custom_color_3); color: var(--body_typography-color); font-family: var(--body_typography-font-family); font-size: 17px; font-style: var(--body_typography-font-style,normal); letter-spacing: var(--body_typography-letter-spacing); line-height: 26px;\" data-fusion-font=\"true\">1. KV\u011aTNA uplynulo 15 let od otev\u0159en\u00ed Villa Fiori, prvn\u00edch butikov\u00fdch rekrea\u010dn\u00edch byt\u016f na ostrov\u011b Sobieszewo. R\u00e1di bychom pod\u011bkovali v\u0161em na\u0161im host\u016fm, rodin\u011b a skupin\u011b v\u011brn\u00fdch p\u0159\u00e1tel za jejich d\u016fv\u011bru a velkou pomoc p\u0159i vytv\u00e1\u0159en\u00ed tohoto m\u00edsta.  <br \/><\/span><\/p>\n<p>B\u011bhem 15 t\u00fddn\u016f vedlej\u0161\u00ed sez\u00f3ny 2023 (3.05 &#8211; 6.07 a 27.08 &#8211; 2.10) sleva 15 % a p\u0159iv\u00edt\u00e1n\u00ed sklenkou prosecca a p\u0159i pobytu min. 3 noci pod heslem &#8222;narozeniny&#8220; v\u00e1s vezmeme na plavbu do jedin\u00e9ho p\u0159irozen\u00e9ho prost\u0159ed\u00ed tulen\u011b \u0161ed\u00e9ho v Polsku.<\/p>\n<p><span style=\"color: var(--h1_typography-color); font-family: var(--h1_typography-font-family); font-size: 22px; font-style: var(--h1_typography-font-style,normal); letter-spacing: var(--h1_typography-letter-spacing); text-transform: var(--h1_typography-text-transform); background-color: var(--awb-custom_color_3);\" data-fusion-font=\"true\">ZVEME V\u00c1S NA SPOLE\u010cNOU OSLAVU!<\/span><\/p>\n<p><span style=\"background-color: var(--awb-custom_color_3); color: var(--body_typography-color); font-family: var(--body_typography-font-family); font-size: 20px; font-style: var(--body_typography-font-style,normal); letter-spacing: var(--body_typography-letter-spacing); line-height: 26px;\" data-fusion-font=\"true\"><br \/><\/span><\/p>\n<h1 style=\"font-size: 28px;\" data-fusion-font=\"true\"><\/h1>\n<\/div><\/div><\/div><\/div><\/div>\n<\/p>\n","protected":false},"excerpt":{"rendered":"","protected":false},"author":2,"featured_media":0,"parent":0,"menu_order":0,"comment_status":"closed","ping_status":"closed","template":"100-width.php","meta":{"footnotes":""},"class_list":["post-2250","page","type-page","status-publish","hentry"],"_links":{"self":[{"href":"https:\/\/villafiori.pl\/cs\/wp-json\/wp\/v2\/pages\/2250","targetHints":{"allow":["GET"]}}],"collection":[{"href":"https:\/\/villafiori.pl\/cs\/wp-json\/wp\/v2\/pages"}],"about":[{"href":"https:\/\/villafiori.pl\/cs\/wp-json\/wp\/v2\/types\/page"}],"author":[{"embeddable":true,"href":"https:\/\/villafiori.pl\/cs\/wp-json\/wp\/v2\/users\/2"}],"replies":[{"embeddable":true,"href":"https:\/\/villafiori.pl\/cs\/wp-json\/wp\/v2\/comments?post=2250"}],"version-history":[{"count":2,"href":"https:\/\/villafiori.pl\/cs\/wp-json\/wp\/v2\/pages\/2250\/revisions"}],"predecessor-version":[{"id":2261,"href":"https:\/\/villafiori.pl\/cs\/wp-json\/wp\/v2\/pages\/2250\/revisions\/2261"}],"wp:attachment":[{"href":"https:\/\/villafiori.pl\/cs\/wp-json\/wp\/v2\/media?parent=2250"}],"curies":[{"name":"wp","href":"https:\/\/api.w.org\/{rel}","templated":true}]}}